{"id":149,"date":"2021-02-11T01:45:31","date_gmt":"2021-02-11T01:45:31","guid":{"rendered":"http:\/\/sw-themes.com\/porto_dummy\/?page_id=149"},"modified":"2023-11-09T06:53:29","modified_gmt":"2023-11-09T06:53:29","slug":"iletisim","status":"publish","type":"page","link":"https:\/\/www.ekesar.com.tr\/de\/iletisim\/","title":{"rendered":"Kontakt"},"content":{"rendered":"<section class=\"wpb-content-wrapper\"><div class=\"vc_row wpb_row top-row pt-5 mx-3 mx-xl-0 custom-box-1 vc_custom_1653618733821 vc_row-has-fill porto-inner-container\"><div class=\"porto-wrap-container container\"><div class=\"row\"><div class=\"p-5 bg-white d-flex align-items-center vc_column_container col-md-12 col-lg-6\"><div class=\"wpb_wrapper vc_column-inner\"><h2 style=\"font-size: 30.8px;color: #000000;font-weight:500;letter-spacing:-1.54px\" class=\"vc_custom_heading text-color-dark font-weight-medium mb-4 mt-5 mt-lg-0 align-left\" >Kontakt Details<\/h2><div class=\"porto-sicon-box  wpb_custom_1efe903570d178ff0a9b7bfa5febd3a4 style_1 default-icon\"><div class=\"porto-sicon-default\"><div class=\"porto-just-icon-wrapper porto-icon advanced\" style=\"color:#002957;border-style:solid;border-color:#002957;border-width:1px;width:25px;height:25px;line-height:25px;border-radius:25px;font-size:12px;\"><i class=\"fas fa-map-marker-alt\"><\/i><\/div><\/div><div class=\"porto-sicon-header\"><p><strong>Adresse:<\/strong> Minareli\u00e7avu\u015f, Atalay Sk. No:9\/B, 16140 Nil\u00fcfer\/Bursa\/TURKIYE<\/p><\/div> <!-- header --><\/div><!-- porto-sicon-box --><div class=\"porto-sicon-box  wpb_custom_1efe903570d178ff0a9b7bfa5febd3a4 style_1 default-icon\"><div class=\"porto-sicon-default\"><div class=\"porto-just-icon-wrapper porto-icon advanced\" style=\"color:#002957;border-style:solid;border-color:#002957;border-width:1px;width:25px;height:25px;line-height:25px;border-radius:25px;font-size:12px;\"><i class=\"fas fa-phone\"><\/i><\/div><\/div><div class=\"porto-sicon-header\"><p><strong>Telefon<\/strong>: +90 (224) 242 50 70<\/p><\/div> <!-- header --><\/div><!-- porto-sicon-box --><div class=\"porto-sicon-box  wpb_custom_1efe903570d178ff0a9b7bfa5febd3a4 style_1 default-icon\"><div class=\"porto-sicon-default\"><div class=\"porto-just-icon-wrapper porto-icon advanced\" style=\"color:#002957;border-style:solid;border-color:#002957;border-width:1px;width:25px;height:25px;line-height:25px;border-radius:25px;font-size:12px;\"><i class=\"fas fa-mobile-alt\"><\/i><\/div><\/div><div class=\"porto-sicon-header\"><p><strong>Telefon<\/strong>: +90 (538) 050 38 12<\/p><\/div> <!-- header --><\/div><!-- porto-sicon-box --><div class=\"porto-sicon-box  wpb_custom_1efe903570d178ff0a9b7bfa5febd3a4 style_1 default-icon\"><div class=\"porto-sicon-default\"><div class=\"porto-just-icon-wrapper porto-icon advanced\" style=\"color:#002957;border-style:solid;border-color:#002957;border-width:1px;width:25px;height:25px;line-height:25px;border-radius:25px;font-size:12px;\"><i class=\"fas fa-envelope\"><\/i><\/div><\/div><div class=\"porto-sicon-header\"><p><strong>Email<\/strong>: info@ekesar.com.tr<\/p><\/div> <!-- header --><\/div><!-- porto-sicon-box --><div class=\"vc_row wpb_row vc_inner row justify-content-center\"><div class=\"vc_column_container col-md-12\"><div class=\"wpb_wrapper vc_column-inner\"><div class=\"vc_empty_space\"   style=\"height: 5px\"><span class=\"vc_empty_space_inner\"><\/span><\/div><h2 style=\"font-size: 25px;color: #000000;font-weight:500;letter-spacing:-1.54px\" class=\"vc_custom_heading text-color-dark font-weight-medium mb-4 mt-5 mt-lg-0 align-left\" >Standort<\/h2><div class=\"wpb_gmaps_widget wpb_content_element\"><div class=\"wpb_wrapper\"><div class=\"wpb_map_wraper\"><iframe src=\"https:\/\/www.google.com\/maps\/embed?pb=!1m18!1m12!1m3!1d3045.5913681392835!2d28.93539617600222!3d40.24038697146849!2m3!1f0!2f0!3f0!3m2!1i1024!2i768!4f13.1!3m3!1m2!1s0x14ca139349dcba49%3A0xbd9b0277c5b3d542!2sEKESAR%20LAZER!5e0!3m2!1str!2str!4v1698303381652!5m2!1str!2str\" width=\"600\" height=\"450\" style=\"border:0;\" allowfullscreen=\"\" loading=\"lazy\" referrerpolicy=\"no-referrer-when-downgrade\"><\/iframe><\/div><\/div><\/div><\/div><\/div><\/div><\/div><\/div><div class=\"p-5 vc_column_container col-md-12 col-lg-6 vc_custom_1613689467185\"><div class=\"wpb_wrapper vc_column-inner\"><div class=\"vc_empty_space\"   style=\"height: 15px\"><span class=\"vc_empty_space_inner\"><\/span><\/div><h2 style=\"font-size: 30.8px;font-weight:500;letter-spacing:-1.54px\" class=\"vc_custom_heading text-color-light font-weight-medium mb-4 mt-5 mt-lg-0 align-left\" >Kontakt-Formular<\/h2><p style=\"font-size: 15.4px;font-weight:500;letter-spacing:0\" class=\"vc_custom_heading mb-4 align-left\" >Sie k\u00f6nnen sich mit uns in Verbindung setzen, indem Sie unsere Kontaktinformationen oder das Kontaktformular verwenden. Wir werden Ihnen so schnell wie m\u00f6glich antworten.<\/p>\n\t<div class=\"wpb_text_column wpb_content_element\" >\n\t\t<div class=\"wpb_wrapper\">\n\t\t\t<div id=\"quform-6563b3\" class=\"quform quform-1 quform-theme-storm quform-support-page-caching\"><form id=\"quform-form-6563b3\" class=\"quform-form quform-form-1\" action=\"\/de\/wp-json\/wp\/v2\/pages\/149#quform-6563b3\" method=\"post\" enctype=\"multipart\/form-data\" novalidate=\"novalidate\" data-options=\"{&quot;id&quot;:1,&quot;uniqueId&quot;:&quot;6563b3&quot;,&quot;theme&quot;:&quot;storm&quot;,&quot;ajax&quot;:true,&quot;logic&quot;:{&quot;logic&quot;:[],&quot;dependents&quot;:[],&quot;elementIds&quot;:[],&quot;dependentElementIds&quot;:[],&quot;animate&quot;:true},&quot;currentPageId&quot;:1,&quot;errorsIcon&quot;:&quot;&quot;,&quot;updateFancybox&quot;:true,&quot;hasPages&quot;:false,&quot;pages&quot;:[1],&quot;pageProgressType&quot;:&quot;numbers&quot;,&quot;tooltipsEnabled&quot;:true,&quot;tooltipClasses&quot;:&quot;qtip-quform-dark qtip-shadow&quot;,&quot;tooltipMy&quot;:&quot;left center&quot;,&quot;tooltipAt&quot;:&quot;right center&quot;,&quot;isRtl&quot;:false,&quot;scrollOffset&quot;:-50,&quot;scrollSpeed&quot;:800}\" data-trp-original-action=\"\/de\/wp-json\/wp\/v2\/pages\/149#quform-6563b3\"><button class=\"quform-default-submit\" name=\"quform_submit\" type=\"submit\" value=\"submit\" aria-hidden=\"true\" tabindex=\"-1\"><\/button><div class=\"quform-form-inner quform-form-inner-1\"><input type=\"hidden\" name=\"quform_form_id\" value=\"1\" \/><input type=\"hidden\" name=\"quform_form_uid\" value=\"6563b3\" \/><input type=\"hidden\" name=\"quform_count\" value=\"1\" \/><input type=\"hidden\" name=\"form_url\" value=\"https:\/\/www.ekesar.com.tr\/de\/wp-json\/wp\/v2\/pages\/149\" \/><input type=\"hidden\" name=\"referring_url\" value=\"\" \/><input type=\"hidden\" name=\"post_id\" value=\"\" \/><input type=\"hidden\" name=\"post_title\" value=\"\" \/><input type=\"hidden\" name=\"quform_current_page_id\" value=\"1\" \/><input type=\"hidden\" name=\"quform_csrf_token\" value=\"83BalYFAdshPRMAb8dX1TlRAoKZgCe7aOiDCwrfo\" \/><div class=\"quform-elements quform-elements-1 quform-cf quform-responsive-elements-phone-landscape\"><div class=\"quform-element quform-element-page quform-page-1 quform-page-1_1 quform-cf quform-group-style-plain quform-first-page quform-last-page quform-current-page\"><div class=\"quform-child-elements\"><div class=\"quform-element quform-element-text quform-element-1_3 quform-cf quform-labels-inside quform-element-required\"><div class=\"quform-spacer\"><div class=\"quform-label quform-label-1_3\"><label class=\"quform-label-text\" for=\"quform_1_3_6563b3\">Ihr Name und Nachname<span class=\"quform-required\">*<\/span><\/label><\/div><div class=\"quform-inner quform-inner-text quform-inner-1_3\"><div class=\"quform-input quform-input-text quform-input-1_3 quform-cf\"><input type=\"text\" id=\"quform_1_3_6563b3\" name=\"quform_1_3\" class=\"quform-field quform-field-text quform-field-1_3\" \/><\/div><\/div><\/div><\/div><div class=\"quform-element quform-element-email quform-element-1_7 quform-cf quform-labels-inside quform-element-required\"><div class=\"quform-spacer\"><div class=\"quform-label quform-label-1_7\"><label class=\"quform-label-text\" for=\"quform_1_7_6563b3\">  Ihre E-Mail Adresse<span class=\"quform-required\">*<\/span><\/label><\/div><div class=\"quform-inner quform-inner-email quform-inner-1_7\"><div class=\"quform-input quform-input-email quform-input-1_7 quform-cf\"><input type=\"email\" id=\"quform_1_7_6563b3\" name=\"quform_1_7\" class=\"quform-field quform-field-email quform-field-1_7\" \/><\/div><\/div><\/div><\/div><div class=\"quform-element quform-element-text quform-element-1_8 quform-cf quform-labels-inside quform-element-optional\"><div class=\"quform-spacer\"><div class=\"quform-label quform-label-1_8\"><label class=\"quform-label-text\" for=\"quform_1_8_6563b3\">Ihre Telefonnummer<\/label><\/div><div class=\"quform-inner quform-inner-text quform-inner-1_8\"><div class=\"quform-input quform-input-text quform-input-1_8 quform-cf\"><input type=\"text\" id=\"quform_1_8_6563b3\" name=\"quform_1_8\" class=\"quform-field quform-field-text quform-field-1_8\" \/><\/div><\/div><\/div><\/div><div class=\"quform-element quform-element-textarea quform-element-1_10 quform-cf quform-labels-inside quform-element-required\"><div class=\"quform-spacer\"><div class=\"quform-label quform-label-1_10\"><label class=\"quform-label-text\" for=\"quform_1_10_6563b3\">Ihre Nachricht<span class=\"quform-required\">*<\/span><\/label><\/div><div class=\"quform-inner quform-inner-textarea quform-inner-1_10\"><div class=\"quform-input quform-input-textarea quform-input-1_10 quform-cf\"><textarea id=\"quform_1_10_6563b3\" name=\"quform_1_10\" class=\"quform-field quform-field-textarea quform-field-1_10\"><\/textarea><\/div><\/div><\/div><\/div><div class=\"quform-element quform-element-captcha quform-element-1_11 quform-cf quform-element-required\"><div class=\"quform-spacer\"><div class=\"quform-label quform-label-1_11\"><label class=\"quform-label-text\" for=\"quform_1_11_6563b3\">Bitte schreiben Sie die Zeichen<span class=\"quform-required\">*<\/span><\/label><\/div><div class=\"quform-inner quform-inner-captcha quform-inner-1_11\"><div class=\"quform-input quform-input-captcha quform-input-1_11 quform-cf\"><input type=\"text\" id=\"quform_1_11_6563b3\" name=\"quform_1_11\" class=\"quform-field quform-field-captcha quform-field-1_11\" \/><\/div><div class=\"quform-captcha quform-cf\"><div class=\"quform-captcha-image quform-captcha-image-1_11\"><img loading=\"lazy\" decoding=\"async\" class=\"quform-captcha-image-img\" src=\"data:image\/png;base64,iVBORw0KGgoAAAANSUhEUgAAAOYAAABQBAMAAAD\/1xTgAAAAG1BMVEX\/\/\/8iIiLHx8eQkJB0dHSsrKzj4+M9PT1ZWVn5EjcqAAAACXBIWXMAAA7EAAAOxAGVKw4bAAADUklEQVRoge1WS1PbMBB2HEfJsZukOEebTKFHQoDh2Ewf5JhAMr06dHgcMYXAMe4w5W9XK\/khyYoTph5PZ6rvZOv17a52v5VlGRgYGBgYGBj8NyB7lVPaEUyq5hwA3FVMWQeAnYo5qZvQrpbShuo5fSgvtqff1BESaJaRsDzOOrjq0MA9zK9rAnSjkjjpWYE8Qqg\/7suxUv8RwCqEd6VwtnKcDeD4JA461I6gLE4SvldG7JizbX\/x0sEpwNKCcjj7eyQ3Nog5b6Ar2hFs5rSPhud7gWZCJKFn9Q7yhvAcpb49HPIjFliaZKP2TZmx7vPLiTR8dQYCCd6dGluKEbvP2N9HXiiTLTjjHQBiM2ic0f+VsGoW6bSF7u1\/TU5wWaJ1WFA2cI5SznRhf4KDPakh1XR3NGXJfBPvZ4VywDhX+bUy58v4NRQ4ZyG0R6CWhq87Z8GD04+4n7SjYDY1NnJG4Fm8AfH7+4ip+ONclZ2pXIcctXgT4+yg253h8XwG8Os6yK8WOSfMW+ixX3ol8EA3xL8pBrre3+SKgEJwEa2sEAQUPRVCnEWm3+x3ASFGhmQ1l5jm5fe2eBSnsaiLlIUlGtLDSAQJBwkWmKE2JqC8TLPXYUeTxKvvImdR6u53eeal1ehQxaR5IJcGybcVi2XLDvM2Nvj6cnc+H54CPD89ewWcFlesrOIJBtdR2pGtxjrZ2M6\/uRzQ5ZsClCLBLJ\/GtaXcR12NNTcPbbXVunIA8jqpAOtkKf97TaXEHJ30YdZ08WLkudYWnFgn9AYzvY3grqaEp6Vv\/SEtqUgNZXMz5y3vu1GWJAvo+so2rfShuW4dpPQiR0Pqw32xJmAv6LCrSZfRdFTLcaGXM5o+vvyybMal0isi3efVJXJaebnVSl\/SCMWQ1JL6LAgvdsZ7i6V9xtJkXSLB1QQd0p7BHrOSSjpbaJ+PjybOmQ3a4kEEv7XSF3u1lIY+UJUfjl8f1lNi1j3iu8KRMmEg3BFNEoy8dje7Pa01RYgj8SSHqPE5O6hOZ261MsQjqROLYkSpKOtPTd6US+0cJv3qzZy3KedaezE5XU8\/Vw9\/vpnSsi4vjsavANp3HQc5Bfdk3eRf4Hp37q2fzb+nDQwMDAwMDAwMDP4d\/AFT5IInx3LcuQAAAABJRU5ErkJggg==\" alt=\"CAPTCHA image\" data-element-id=\"11\" width=\"115\" height=\"40\" \/><\/div><\/div><p class=\"quform-description quform-description-below\">Dies wird uns helfen, Spam zu verhindern, danke.<\/p><\/div><\/div><\/div><div class=\"quform-element quform-element-submit quform-element-1_2 quform-cf quform-button-style-bootstrap quform-button-size-medium quform-button-width-medium\"><div class=\"quform-button-submit quform-button-submit-default quform-button-submit-1_2\" data-animation=\"one\"><button name=\"quform_submit\" type=\"submit\" class=\"quform-submit\" value=\"submit\"><span class=\"quform-button-text quform-button-submit-text\">Send<\/span><\/button><\/div><div class=\"quform-loading quform-loading-position-left quform-loading-type-spinner-1\"><div class=\"quform-loading-inner\"><div class=\"quform-loading-spinner\"><div class=\"quform-loading-spinner-inner\"><\/div><\/div><\/div><\/div><\/div><div class=\"quform-element-tree\"><label for=\"quform_1_0_6563b3\">This field should be left blank<\/label><input type=\"text\" id=\"quform_1_0_6563b3\" name=\"quform_1_0\" class=\"quform-field quform-field-tree quform-field-1_0\" tabindex=\"-1\" autocomplete=\"off\" \/><\/div><\/div><\/div><\/div><\/div><input type=\"hidden\" name=\"trp-form-language\" value=\"de\"\/><\/form><\/div>\n\n\t\t<\/div>\n\t<\/div>\n<\/div><\/div><\/div><\/div><\/div><div class=\"vc_row wpb_row top-row py-5 my-4 porto-inner-container\"><div class=\"porto-wrap-container container\"><div class=\"row\"><div class=\"mb-5 mb-lg-0 vc_column_container col-md-12 col-lg-6\"><div class=\"wpb_wrapper vc_column-inner\"><\/div><\/div><\/div><\/div><\/div>\n<\/section>","protected":false},"excerpt":{"rendered":"\u0130leti\u015fim BilgileriAdres: Minareli\u00e7avu\u015f, Atalay Sk. No:9\/B, 16140 Nil\u00fcfer\/Bursa Telefon: +90 (224) 242 50 70 Telefon: +90 (538) 050 38 12 Email: info@ekesar.com.tr Lokasyon\u0130leti\u015fim Formu\u0130leti\u015fim bilgilerimizi yada ileti\u015fim formumuzu kullan\u0131p bize ula\u015fabilirsiniz. En k\u0131sa s\u00fcrede d\u00f6n\u00fc\u015f yap\u0131lacakt\u0131r. Ad\u0131n\u0131z Soyad\u0131n\u0131z* E-posta Adresiniz*Telefon Numaran\u0131zMesaj\u0131n\u0131z*L\u00fctfen karakterleri yaz\u0131n*Bu spam \u00f6nlememize yard\u0131mc\u0131 olur, te\u015fekk\u00fcrler.SendThis field should be left blank","protected":false},"author":1,"featured_media":0,"parent":0,"menu_order":0,"comment_status":"closed","ping_status":"closed","template":"","meta":{"footnotes":""},"class_list":["post-149","page","type-page","status-publish","hentry"],"_links":{"self":[{"href":"https:\/\/www.ekesar.com.tr\/de\/wp-json\/wp\/v2\/pages\/149","targetHints":{"allow":["GET"]}}],"collection":[{"href":"https:\/\/www.ekesar.com.tr\/de\/wp-json\/wp\/v2\/pages"}],"about":[{"href":"https:\/\/www.ekesar.com.tr\/de\/wp-json\/wp\/v2\/types\/page"}],"author":[{"embeddable":true,"href":"https:\/\/www.ekesar.com.tr\/de\/wp-json\/wp\/v2\/users\/1"}],"replies":[{"embeddable":true,"href":"https:\/\/www.ekesar.com.tr\/de\/wp-json\/wp\/v2\/comments?post=149"}],"version-history":[{"count":1,"href":"https:\/\/www.ekesar.com.tr\/de\/wp-json\/wp\/v2\/pages\/149\/revisions"}],"predecessor-version":[{"id":4439,"href":"https:\/\/www.ekesar.com.tr\/de\/wp-json\/wp\/v2\/pages\/149\/revisions\/4439"}],"wp:attachment":[{"href":"https:\/\/www.ekesar.com.tr\/de\/wp-json\/wp\/v2\/media?parent=149"}],"curies":[{"name":"wp","href":"https:\/\/api.w.org\/{rel}","templated":true}]}}