{"id":11,"date":"2021-02-10T02:33:27","date_gmt":"2021-02-10T02:33:27","guid":{"rendered":"https:\/\/www.ekesar.com.tr\/shop\/"},"modified":"2023-10-26T09:14:11","modified_gmt":"2023-10-26T09:14:11","slug":"hakkimizda","status":"publish","type":"page","link":"https:\/\/www.ekesar.com.tr\/de\/hakkimizda\/","title":{"rendered":"\u00dcber uns"},"content":{"rendered":"<section class=\"wpb-content-wrapper\"><div class=\"vc_row wpb_row top-row porto-inner-container\"><div class=\"porto-wrap-container container\"><div class=\"row\"><div class=\"vc_column_container col-md-12\"><div class=\"wpb_wrapper vc_column-inner\"><div class=\"vc_empty_space\"   style=\"height: 32px\"><span class=\"vc_empty_space_inner\"><\/span><\/div>\n\t<div class=\"wpb_text_column wpb_content_element\" >\n\t\t<div class=\"wpb_wrapper\">\n\t\t\t<p>EKESAR begann seine T\u00e4tigkeit im Bereich der Metallteileproduktion mit einer speziellen Investition im Jahr 2016. Wir sind mit der Vision angetreten, unseren Kunden ma\u00dfgeschneiderte Metallprodukte von h\u00f6chster Qualit\u00e4t zu liefern, und wir haben diese Vision erfolgreich verfolgt.<\/p>\n<p><strong>Unsere In-House Prozesse;<\/strong><\/p>\n<p>Die Fertigungsprozesse von EKESAR sind mit branchenf\u00fchrender Technologie und Know-how ausgestattet. Hier sind die wichtigsten Produktionsprozesse, die wir nutzen, um unsere Effektivit\u00e4t in unserer Branche zu steigern:<\/p>\n<ul>\n<li><strong>Laserschneiden:<\/strong> Wir verwenden die neueste Lasertechnologie, um scharfe und pr\u00e4zise Ergebnisse bei der Herstellung von Metallteilen zu erzielen.<\/li>\n<li><strong>Abkantbiegen:<\/strong> Wir stellen spezielle Produkte her, indem wir Metallplatten in die gew\u00fcnschten Formen biegen.<\/li>\n<li><strong>Spanende Fertigung:<\/strong> F\u00fcr die Herstellung von Pr\u00e4zisionsteilen setzen wir moderne Bearbeitungsmaschinen ein.<\/li>\n<li><strong>Schweissen (MIG\/MAG und TIG):<\/strong> Wir wenden die besten Schwei\u00dftechniken an, um Metallteile sicher und dauerhaft zu schwei\u00dfen.<\/li>\n<li><strong>Montage:<\/strong> Wir montieren die Teile entsprechend den Anforderungen unserer Kunden und erstellen das Endprodukt.<\/li>\n<\/ul>\n<p><strong>Verfolstaendigungsprozze<\/strong><\/p>\n<p>Zur Verbesserung der Qualit\u00e4t und Haltbarkeit unserer Produkte setzen wir die folgenden externen erg\u00e4nzenden Verfahren ein:<\/p>\n<ul>\n<li><strong>KTL (Kathodische Schleiflackierung):<\/strong> Wir verwenden die KTL-Technologie, um unsere Produkte vor Korrosion zu sch\u00fctzen.<\/li>\n<li><strong>Pulverbeschichtung:<\/strong> Wir verwenden qualitativ hochwertige Pulverbeschichtungen, die sich durch \u00c4sthetik und Haltbarkeit auszeichnen.<\/li>\n<li><strong>Unterschiedliche Oberflachenbeschichtung:<\/strong> Wir setzen eine Vielzahl von Oberfl\u00e4chenbeschichtungsverfahren ein, um die spezifischen Anforderungen unserer Kunden zu erf\u00fcllen.<\/li>\n<\/ul>\n<p>EKESAR stellt die Kundenzufriedenheit stets in den Vordergrund und ist bestrebt, bei jedem Projekt hervorragende Ergebnisse zu erzielen. Verlassen Sie sich auf uns, wenn Sie Metallteile ben\u00f6tigen und profitieren Sie von unseren Produkten mit h\u00f6chsten Qualit\u00e4tsstandards. Kontaktieren Sie uns f\u00fcr weitere Informationen und um \u00fcber Kooperationsm\u00f6glichkeiten zu sprechen.<\/p>\n\n\t\t<\/div>\n\t<\/div>\n<\/div><\/div><div class=\"vc_column_container col-md-12\"><div class=\"wpb_wrapper vc_column-inner\"><\/div><\/div><\/div><\/div><\/div>\n<\/section>","protected":false},"excerpt":{"rendered":"EKESAR, 2016 y\u0131l\u0131nda \u00f6zel bir yat\u0131r\u0131m ile metalden mamul par\u00e7a \u00fcretimi alan\u0131nda faaliyete ge\u00e7ti. M\u00fc\u015fterilerimize en y\u00fcksek kalitede \u00f6zelle\u015ftirilmi\u015f metal \u00fcr\u00fcnleri sunma vizyonuyla yola \u00e7\u0131kt\u0131k ve bu vizyonumuzu ba\u015far\u0131l\u0131 bir \u015fekilde s\u00fcrd\u00fcrd\u00fck. \u00dcretim S\u00fcre\u00e7leri EKESAR'\u0131n \u00fcretim s\u00fcre\u00e7leri, end\u00fcstri lideri teknoloji ve uzmanl\u0131kla donat\u0131lm\u0131\u015ft\u0131r. \u0130\u015fte i\u00e7erisinde bulundu\u011fumuz sekt\u00f6rdeki etkinli\u011fimizi art\u0131rmak i\u00e7in kulland\u0131\u011f\u0131m\u0131z ba\u015fl\u0131ca \u00fcretim s\u00fcre\u00e7leri: Lazer [...]","protected":false},"author":1,"featured_media":0,"parent":0,"menu_order":0,"comment_status":"closed","ping_status":"closed","template":"","meta":{"footnotes":""},"class_list":["post-11","page","type-page","status-publish","hentry"],"_links":{"self":[{"href":"https:\/\/www.ekesar.com.tr\/de\/wp-json\/wp\/v2\/pages\/11","targetHints":{"allow":["GET"]}}],"collection":[{"href":"https:\/\/www.ekesar.com.tr\/de\/wp-json\/wp\/v2\/pages"}],"about":[{"href":"https:\/\/www.ekesar.com.tr\/de\/wp-json\/wp\/v2\/types\/page"}],"author":[{"embeddable":true,"href":"https:\/\/www.ekesar.com.tr\/de\/wp-json\/wp\/v2\/users\/1"}],"replies":[{"embeddable":true,"href":"https:\/\/www.ekesar.com.tr\/de\/wp-json\/wp\/v2\/comments?post=11"}],"version-history":[{"count":0,"href":"https:\/\/www.ekesar.com.tr\/de\/wp-json\/wp\/v2\/pages\/11\/revisions"}],"wp:attachment":[{"href":"https:\/\/www.ekesar.com.tr\/de\/wp-json\/wp\/v2\/media?parent=11"}],"curies":[{"name":"wp","href":"https:\/\/api.w.org\/{rel}","templated":true}]}}